{"id":7,"date":"2019-04-30T14:09:51","date_gmt":"2019-04-30T14:09:51","guid":{"rendered":"http:\/\/globopadel.pt\/?page_id=7"},"modified":"2023-07-04T11:19:52","modified_gmt":"2023-07-04T11:19:52","slug":"inicio","status":"publish","type":"page","link":"https:\/\/globopadel.pt\/en\/","title":{"rendered":"Home"},"content":{"rendered":"<h2 class=\"wp-block-heading\">About us<\/h2>\n\n\n\n<br>\n\n\n\n<br>\n\n\n\n<p>Para ti&#8230;for you!<br>Para n\u00f3s&#8230;for us!<br>Experimenta&#8230;try it!&#8230;<br>Evolui&#8230;improve!<br>Joga&#8230;play!<br>Globo Padel&#8230;4you! 4all!<\/p>\n\n\n\n<p>2019<br>GLOBO PADEL is born!<br>Portuguese brand based on the padel technique \"GLOBO\", contributes to the Portuguese and international markets.<\/p>\n\n\n\n<p>GLOBO PADEL aims to facilitate access to the padel for the entire population combining quality and price, so that everyone can try and play padel.<\/p>\n\n\n\n<p>GLOBO porque acreditamos que o padel tem na sua g\u00e9nese a possibilidade de cada um poder gostar de praticar e ser jogador. O alcance do jogo pode ser mundial, o potencial \u00e9 enorme, a dinamiza\u00e7\u00e3o em Portugal e no mundo \u00e9 vis\u00edvel, o car\u00e1cter social do jogo \u00e9 o seu ponto forte e a vertente competitiva come\u00e7a a ganhar espa\u00e7o do desporto nacional e internacional.<\/p>\n\n\n\n<p>PADEL IS FOR EVERYONE!<\/p>\n\n\n\n<p>A GLOBO PADEL criou uma gama de raquetes pensada para todos os jogadores de todos os n\u00edveis. Com o lan\u00e7amento das diferentes linhas GLOBO PADEL integram diferentes modelos de raquetes para podermos potenciar a globaliza\u00e7\u00e3o do padel. <br>Para complementar a gama GLOBO PADEL desenvolvemos tamb\u00e9m acess\u00f3rios essenciais \u00e0 pr\u00e1tica do padel: overgrips, protetores de raquete, sacos, bolas e roupa. <\/p>\n\n\n\n<p>GLOBO PADEL, more than a brand, a concept: padel is for everyone!<\/p>","protected":false},"excerpt":{"rendered":"<p>Sobre n\u00f3s Para ti&#8230;for you!Para n\u00f3s&#8230;for us!Experimenta&#8230;try it!&#8230;Evolui&#8230;improve!Joga&#8230;play!Globo Padel&#8230;4you! 4all! 2019Nasce a GLOBO PADEL!Marca portuguesa baseada na t\u00e9cnica de padel &#8220;GLOBO&#8221;, surge como contributo para o mercado portugu\u00eas e internacional. A GLOBO PADEL pretende facilitar o acesso ao padel a toda a popula\u00e7\u00e3o aliando qualidade e pre\u00e7o, para que todos<a class=\"moretag\" href=\"https:\/\/globopadel.pt\/en\/\"> Read more<\/a><\/p>","protected":false},"author":1,"featured_media":55,"parent":0,"menu_order":0,"comment_status":"closed","ping_status":"closed","template":"","meta":{"footnotes":""},"class_list":["post-7","page","type-page","status-publish","has-post-thumbnail","hentry"],"_links":{"self":[{"href":"https:\/\/globopadel.pt\/en\/wp-json\/wp\/v2\/pages\/7","targetHints":{"allow":["GET"]}}],"collection":[{"href":"https:\/\/globopadel.pt\/en\/wp-json\/wp\/v2\/pages"}],"about":[{"href":"https:\/\/globopadel.pt\/en\/wp-json\/wp\/v2\/types\/page"}],"author":[{"embeddable":true,"href":"https:\/\/globopadel.pt\/en\/wp-json\/wp\/v2\/users\/1"}],"replies":[{"embeddable":true,"href":"https:\/\/globopadel.pt\/en\/wp-json\/wp\/v2\/comments?post=7"}],"version-history":[{"count":17,"href":"https:\/\/globopadel.pt\/en\/wp-json\/wp\/v2\/pages\/7\/revisions"}],"predecessor-version":[{"id":23964,"href":"https:\/\/globopadel.pt\/en\/wp-json\/wp\/v2\/pages\/7\/revisions\/23964"}],"wp:featuredmedia":[{"embeddable":true,"href":"https:\/\/globopadel.pt\/en\/wp-json\/wp\/v2\/media\/55"}],"wp:attachment":[{"href":"https:\/\/globopadel.pt\/en\/wp-json\/wp\/v2\/media?parent=7"}],"curies":[{"name":"wp","href":"https:\/\/api.w.org\/{rel}","templated":true}]}}